{"id":12,"date":"2018-10-12T09:29:22","date_gmt":"2018-10-12T09:29:22","guid":{"rendered":"https:\/\/www.alboret.com\/?page_id=12"},"modified":"2021-03-23T17:33:07","modified_gmt":"2021-03-23T17:33:07","slug":"projecteolialboret","status":"publish","type":"page","link":"https:\/\/www.alboret.com\/index.php\/projecteolialboret\/","title":{"rendered":"oli de l&#8217;oliva a Bocairent"},"content":{"rendered":"\n<div class=\"wp-block-cover has-background-dim-10 has-vivid-green-cyan-background-color has-background-dim\" style=\"min-height:50px;aspect-ratio:unset;\"><img loading=\"lazy\" decoding=\"async\" width=\"1024\" height=\"768\" class=\"wp-block-cover__image-background wp-image-98\" alt=\"\" src=\"https:\/\/www.alboret.com\/wp-content\/uploads\/2018\/11\/olive-trees-1126320.jpg\" style=\"object-position:49% 43%\" data-object-fit=\"cover\" data-object-position=\"49% 43%\" srcset=\"https:\/\/www.alboret.com\/wp-content\/uploads\/2018\/11\/olive-trees-1126320.jpg 1024w, https:\/\/www.alboret.com\/wp-content\/uploads\/2018\/11\/olive-trees-1126320-416x312.jpg 416w, https:\/\/www.alboret.com\/wp-content\/uploads\/2018\/11\/olive-trees-1126320-300x225.jpg 300w, https:\/\/www.alboret.com\/wp-content\/uploads\/2018\/11\/olive-trees-1126320-768x576.jpg 768w\" sizes=\"auto, (max-width: 1024px) 100vw, 1024px\" \/><div class=\"wp-block-cover__inner-container is-layout-flow wp-block-cover-is-layout-flow\">\n<p class=\"has-text-align-center has-black-color has-light-green-cyan-background-color has-text-color has-background\" style=\"font-size:45px\"><strong>EL PROJECTE<\/strong><\/p>\n<\/div><\/div>\n\n\n\n<p><\/p>\n\n\n\n<figure class=\"wp-block-pullquote is-style-default\" style=\"border-color:#d7d9da\"><blockquote class=\"has-text-color has-black-color\"><p>Vos presentem un projecte nou nascut als bancals del <strong>Mas de l\u2019Alboret a Bocairent<\/strong> amb oliveres situades als termes d\u2019Alfafara i Bocairent.<\/p><\/blockquote><\/figure>\n\n\n\n<p><\/p>\n\n\n\n<div class=\"wp-block-columns is-layout-flex wp-container-core-columns-is-layout-28f84493 wp-block-columns-is-layout-flex\">\n<div class=\"wp-block-column is-layout-flow wp-block-column-is-layout-flow\">\n<p class=\"has-text-align-justify\">Les nostres oliveres creixen als peus de la <strong>Serra Mariola<\/strong>. Amb olives recollides de manera manual quan el seu punt de maduraci\u00f3 ho permet, aconseguim fer tres olis singulars.<\/p>\n\n\n\n<p>Des del punt de vista organol\u00e8ptic, els olis valencians estan entre els de major gamma i variavilitat arom\u00e0tica, destacant el seu perfecte equilibri entre el nivell de frutat i la intensitat d&#8217;amargor i picant.<\/p>\n\n\n\n<p><\/p>\n<\/div>\n\n\n\n<div class=\"wp-block-column is-layout-flow wp-block-column-is-layout-flow\">\n<ul class=\"wp-block-list\"><li><strong>Alboret Picual<\/strong><\/li><li><strong>Alboret selecci\u00f3<\/strong> <\/li><li><strong>Alboret Alfafarenca<\/strong><\/li><\/ul>\n\n\n\n<p>El conjunt de propietats organol\u00e8ptiques de l\u2019oli, dep\u00e8n del tipus d\u2019oli, per\u00f2 tamb\u00e9 del tipus d\u2019oliva;\u00a0cada un t\u00e9 una aroma, gust i color caracter\u00edstics. De vegades, per aconseguir olis amb caracter\u00edstiques \u00faniques es fan\u00a0<strong>cupatges<\/strong>, barreges de varietats diferents. D\u2019altra banda, els olis\u00a0<strong>d\u2019una sola varietat<\/strong>\u00a0permeten assegurar-nos un gust i color constants.<\/p>\n<\/div>\n\n\n\n<div class=\"wp-block-column is-layout-flow wp-block-column-is-layout-flow\">\n<p class=\"has-text-align-justify\">L\u2019oli d\u2019oliva verge extra (OOVE)\u00a0i l\u2019oli d\u2019oliva verge s\u00f3n els dos olis que provenen directament de la premsa de les olives i s\u2019obtenen \u00fanicament per procediments mec\u00e0nics. La pressi\u00f3 trenca les membranes cel\u00b7lulars de la polpa de l\u2019oliva i se n\u2019extreu l\u2019oli. <\/p>\n\n\n\n<p>Calen entre quatre i cinc quilos per produir un litre d\u2019oli d\u2019oliva.\u00a0El color de les olives no dep\u00e8n del tipus d\u2019oliva, sin\u00f3 de l\u2019etapa de maduraci\u00f3; si es cullen immadures seran verdes i, a mesura que van madurant, es van tornant m\u00e9s negres.<\/p>\n\n\n\n<p><\/p>\n<\/div>\n<\/div>\n\n\n\n<div class=\"wp-block-jetpack-map is-style-satellite\" data-map-id=\"jp-map-1\" data-map-provider=\"mapbox\" data-api-key=\"pk.eyJ1Ijoib2xpYWxib3JldCIsImEiOiJja2dheHh3dGMwYnFuMnBxbm94cnI5dG8wIn0.jSmi0n3duuJ9vUA1v2HjTQ\" data-map-style=\"satellite\"><ul><li><a href=\"https:\/\/www.google.com\/maps\/search\/?api=1&amp;query=38.768382,-0.609473\">Alboret, l&#8217;Oli de Bocairent<\/a><\/li><\/ul><\/div>\n\n\n\n<p><\/p>\n","protected":false},"excerpt":{"rendered":"<p>Vos presentem un projecte nou nascut als bancals del Mas de l\u2019Alboret a Bocairent amb oliveres situades als termes d\u2019Alfafara i Bocairent. Les nostres oliveres creixen als peus de la Serra Mariola. Amb olives recollides de manera manual quan el seu punt de maduraci\u00f3 ho permet, aconseguim fer tres olis singulars. Des del punt de [&hellip;]<\/p>\n","protected":false},"author":1,"featured_media":0,"parent":0,"menu_order":2,"comment_status":"closed","ping_status":"closed","template":"","meta":{"footnotes":""},"class_list":["post-12","page","type-page","status-publish","hentry"],"jetpack_sharing_enabled":true,"_links":{"self":[{"href":"https:\/\/www.alboret.com\/index.php\/wp-json\/wp\/v2\/pages\/12","targetHints":{"allow":["GET"]}}],"collection":[{"href":"https:\/\/www.alboret.com\/index.php\/wp-json\/wp\/v2\/pages"}],"about":[{"href":"https:\/\/www.alboret.com\/index.php\/wp-json\/wp\/v2\/types\/page"}],"author":[{"embeddable":true,"href":"https:\/\/www.alboret.com\/index.php\/wp-json\/wp\/v2\/users\/1"}],"replies":[{"embeddable":true,"href":"https:\/\/www.alboret.com\/index.php\/wp-json\/wp\/v2\/comments?post=12"}],"version-history":[{"count":25,"href":"https:\/\/www.alboret.com\/index.php\/wp-json\/wp\/v2\/pages\/12\/revisions"}],"predecessor-version":[{"id":284,"href":"https:\/\/www.alboret.com\/index.php\/wp-json\/wp\/v2\/pages\/12\/revisions\/284"}],"wp:attachment":[{"href":"https:\/\/www.alboret.com\/index.php\/wp-json\/wp\/v2\/media?parent=12"}],"curies":[{"name":"wp","href":"https:\/\/api.w.org\/{rel}","templated":true}]}}