{"id":3,"date":"2018-09-26T12:49:05","date_gmt":"2018-09-26T12:49:05","guid":{"rendered":"https:\/\/www.alboret.com\/?page_id=3"},"modified":"2020-11-30T08:50:29","modified_gmt":"2020-11-30T08:50:29","slug":"privacy-policy","status":"publish","type":"page","link":"https:\/\/www.alboret.com\/index.php\/privacy-policy\/","title":{"rendered":"Pol\u00edtica de Privacitat"},"content":{"rendered":"<p>De\u00a0conformitat\u00a0amb l\u2019establert\u00a0en\u00a0la present Pol\u00edtica de Privacitat regida pel Reglament General de Protecci\u00f3\u00a0de\u00a0Dades 2016\/679 (RGDP en endavant) i qualsevol altra legislaci\u00f3 vigent en mat\u00e8ria de protecci\u00f3 de dades de car\u00e0cter personal, l\u2019informem del seg\u00fcent:<\/p>\n<h3><strong>1. Responsable del tractament de les dades personals<\/strong><\/h3>\n<p>OLI DE L&#8217;ALBORET (en endavant ALBORET) amb CIF: 79150399Q, domicili fiscal c\/ Mirador,18,1, 46880 Bocairent (Val\u00e8ncia), correu electr\u00f2nic\u00a0<em><a href=\"mailto:paresbalta@paresbalta.com\" target=\"_blank\" rel=\"noopener noreferrer\">a<\/a><a href=\"mailto:lboret@alboret.com\" target=\"_blank\" rel=\"noopener noreferrer\">lboret@alboret.com<\/a><\/em><wbr \/>\u00a0i tel\u00e8fon +34 602212107\u00a0ser\u00e0 la responsable del tracte de les dades facilitades a qualsevol formulari de la web\u00a0<a href=\"https:\/\/www.paresbalta.com\/\" target=\"_blank\" rel=\"noopener noreferrer\" data-saferedirecturl=\"https:\/\/www.google.com\/url?q=https:\/\/www.paresbalta.com\/&amp;source=gmail&amp;ust=1606811989754000&amp;usg=AFQjCNEUNS8iSyPfKUwXuP4TrQ9xuSSL7Q\">www.alboret.com<\/a>, aix\u00ed com tamb\u00e9 d\u2019aquelles fruit de l\u2019\u00fas i navegaci\u00f3 en aquesta.<\/p>\n<h3><strong>2. Restriccions d\u2019acc\u00e9s a la web<\/strong><\/h3>\n<p>L\u2019acc\u00e9s a la p\u00e0gina web de l&#8217; ALBORET est\u00e0 limitat a usuaris majors d\u2019edat, essent l\u2019edat legal variable depenent de la normativa aplicable segons el pa\u00eds de proced\u00e8ncia. En cas de ser menor d\u2019edat, recomanem no proporcionar cap dada personal. La responsabilitat de la veracitat de la informaci\u00f3 recau sobre l\u2019usuari.<\/p>\n<h3><strong>3. Finalitat del tracte de les dades personals<\/strong><\/h3>\n<p>Les dades facilitades per l\u2019usuari, ja sigui completant el formulari de contacte de la web, el formulari de compra o per correu electr\u00f2nic, ALBORET els tractar\u00e0 de forma manual o automatitzada per a:<\/p>\n<ul>\n<li>Contestar sol\u00b7licituds d\u2019informaci\u00f3 i consultes que l\u2019usuari realitzi a trav\u00e9s del formulari de contacte.<\/li>\n<li>Remetre peri\u00f2dicament comunicacions amb informaci\u00f3 d\u2019inter\u00e8s sobre l\u2019empresa, els seus productes i la seva respectiva activitat.<\/li>\n<li>Gestionar la compra i enviament a partir de les dades de registre proporcionades. Tamb\u00e9 s\u2019utilitzaran per donar compliment als requisits de contractaci\u00f3 i facturaci\u00f3, la prevenci\u00f3 de frau, la verificaci\u00f3 de targetes de cr\u00e8dit o el pagament per transfer\u00e8ncia banc\u00e0ria, aix\u00ed com per realitzar an\u00e0lisis estad\u00edstiques.<\/li>\n<\/ul>\n<p>ALBORET realitza un tracte l\u00edcit, lleial i limitat de les dades. El consentiment per enviar les comunicacions exposades anteriorment es donar\u00e0 a menys que l\u2019usuari decideixi revocar-ho mitjan\u00e7ant el mecanisme habilitat a l\u2019efecte.<\/p>\n<p>En cas que es produeixi qualsevol modificaci\u00f3 de les dades proporcionades, s\u2019haur\u00e0 de comunicar a\u00a0alboret<a href=\"mailto:paresbalta@paresbalta.com\" target=\"_blank\" rel=\"noopener noreferrer\"><em>@alboret.com<\/em><\/a>, per disposar aix\u00ed de les dades ver\u00eddiques i exactes en tot moment.<\/p>\n<h3><strong>4. Categoria de les dades recopilades<\/strong><\/h3>\n<ul>\n<li>Dades d\u2019identificaci\u00f3: nom i cognoms<\/li>\n<li>Dades de localitzaci\u00f3: tel\u00e8fon, email, direcci\u00f3 postal, codi postal<\/li>\n<li>Dades d\u2019informaci\u00f3 comercial: perfil de l\u2019usuari, com ens han conegut, relaci\u00f3 amb el m\u00f3n del vi.<\/li>\n<li>Dades banc\u00e0ries en cas de compra per la tenda online.<\/li>\n<\/ul>\n<h3><strong>5. Temps d\u2019utilitzaci\u00f3 de les dades<\/strong><\/h3>\n<p>Les dades personals proporcionades per l\u2019usuari es conservaran mentre aquest no revoqui el seu consentiment d\u2019\u00fas per les finalitats mencionades. Donat aquest cas, les dades seran bloquejades i conservades \u00fanicament durant el termini legalment establert.<\/p>\n<p>Les dades personals proporcionades al registre de la tenda online es conservaran mentre duri la relaci\u00f3 contractual i durant el termini exigit per la normativa legal.<\/p>\n<h3><strong>6. Legitimaci\u00f3 del tractament de les dades<\/strong><\/h3>\n<p>La legitimaci\u00f3 que t\u00e9 PARES BALTA pel tractament de les dades personals de l\u2019usuari, \u00e9s el seu propi consentiment, manifestat en l\u2019acceptaci\u00f3 de la present pol\u00edtica quan es completa el formulari de contacte, es remet un correu electr\u00f2nic o es fa una compra a la tenda online.<\/p>\n<p>La base jur\u00eddica per tractar les dades proporcionades a la tenda online \u00e9s l\u2019execuci\u00f3 d\u2019una relaci\u00f3 contractual amb l\u2019usuari, considerat client.<\/p>\n<p>El tracte de la informaci\u00f3 recollida per les cookies es basa en el consentiment, de conformitat amb la legislaci\u00f3 vigent.<\/p>\n<h3><strong>7. A qui es destinen o cedeixen les dades personals?<\/strong><\/h3>\n<p>A l\u2019acceptar aquesta Pol\u00edtica de Privacitat, ALBORET pot cedir les dades de l\u2019usuari, sempre que existisca una obligaci\u00f3 legal o siga prec\u00eds pel compliment de la finalitat del tractament.<\/p>\n<p>En aquest cas, ALBORET cedeix les dades a prove\u00efdors de serveis tals com administradors de la web, o serveis de transport , comunicaci\u00f3 i publicitat. Aquests tan sols tenen acc\u00e9s a aquella informaci\u00f3 necess\u00e0ria per a realitzar la seva funci\u00f3 i hauran de tractar la informaci\u00f3 conforme amb la present Pol\u00edtica de Privacitat i legislaci\u00f3 aplicable.<\/p>\n<p>Aix\u00ed mateix, les dades podran ser cedides a administracions i organismes p\u00fablics pel compliment de les obligacions directament exigibles.<\/p>\n<h3><strong>8. Quins drets t\u00e9 l\u2019usuari?<\/strong><\/h3>\n<p>ALBORET es compromet a respectar la confidencialitat i a garantir en tot moment l\u2019exercici dels seg\u00fcents drets:<\/p>\n<ul>\n<li>Obtenir confirmaci\u00f3 sobre si ALBORET est\u00e0 tractant les dades personals.<\/li>\n<li>Rebre en format electr\u00f2nic totes les dades personals que l\u2019usuari haja facilitat.<\/li>\n<li>Modificar les dades si aquestes s\u00f3n inexactes.<\/li>\n<li>Sol\u00b7licitar la suspensi\u00f3 de dades quan es complisca alguna de les condicions previstes en la normativa de protecci\u00f3 de dades.<\/li>\n<li>Cessar en el tracte de les dades donada l\u2019oposici\u00f3 de l\u2019usuari, excepte per motius leg\u00edtims, o l\u2019exercici o la defensa de possibles reclamacions.<\/li>\n<\/ul>\n<p>Tot usuari que vulga exercir aquests drets, haur\u00e0 d\u2019enviar una sol\u00b7licitud, juntament amb una c\u00f2pia del DNI o un document d\u2019identitat acreditatiu a la direcci\u00f3 de correu:\u00a0<a href=\"mailto:paresbalta@paresbalta.com\" target=\"_blank\" rel=\"noopener noreferrer\"><em>alboret@alboret.com<\/em><\/a>\u00a0o un correu postal a C\/ Mirador, 18,1;\u00a0 46880 Bocairent (Val\u00e8ncia).<\/p>\n<p>Si a l\u2019entendre de l\u2019usuari la sol\u00b7licitud no ha sigut correctament atesa, podr\u00e0 dirigir-se a l\u2019Ag\u00e8ncia Espanyola de Protecci\u00f3 de Dades per presentar una reclamaci\u00f3.<\/p>\n<h3><strong>9. Mesures de seguretat adoptades<\/strong><\/h3>\n<p>ALBORET duu a terme les mesures de seguretat necess\u00e0ries a nivell t\u00e8cnic per garantir la protecci\u00f3 de dades personals i la privacitat dels usuaris.<\/p>\n","protected":false},"excerpt":{"rendered":"<p>De\u00a0conformitat\u00a0amb l\u2019establert\u00a0en\u00a0la present Pol\u00edtica de Privacitat regida pel Reglament General de Protecci\u00f3\u00a0de\u00a0Dades 2016\/679 (RGDP en endavant) i qualsevol altra legislaci\u00f3 vigent en mat\u00e8ria de protecci\u00f3 de dades de car\u00e0cter personal, l\u2019informem del seg\u00fcent: 1. Responsable del tractament de les dades personals OLI DE L&#8217;ALBORET (en endavant ALBORET) amb CIF: 79150399Q, domicili fiscal c\/ Mirador,18,1, 46880 [&hellip;]<\/p>\n","protected":false},"author":1,"featured_media":0,"parent":0,"menu_order":0,"comment_status":"closed","ping_status":"closed","template":"","meta":{"footnotes":""},"class_list":["post-3","page","type-page","status-publish","hentry"],"jetpack_sharing_enabled":true,"_links":{"self":[{"href":"https:\/\/www.alboret.com\/index.php\/wp-json\/wp\/v2\/pages\/3","targetHints":{"allow":["GET"]}}],"collection":[{"href":"https:\/\/www.alboret.com\/index.php\/wp-json\/wp\/v2\/pages"}],"about":[{"href":"https:\/\/www.alboret.com\/index.php\/wp-json\/wp\/v2\/types\/page"}],"author":[{"embeddable":true,"href":"https:\/\/www.alboret.com\/index.php\/wp-json\/wp\/v2\/users\/1"}],"replies":[{"embeddable":true,"href":"https:\/\/www.alboret.com\/index.php\/wp-json\/wp\/v2\/comments?post=3"}],"version-history":[{"count":1,"href":"https:\/\/www.alboret.com\/index.php\/wp-json\/wp\/v2\/pages\/3\/revisions"}],"predecessor-version":[{"id":236,"href":"https:\/\/www.alboret.com\/index.php\/wp-json\/wp\/v2\/pages\/3\/revisions\/236"}],"wp:attachment":[{"href":"https:\/\/www.alboret.com\/index.php\/wp-json\/wp\/v2\/media?parent=3"}],"curies":[{"name":"wp","href":"https:\/\/api.w.org\/{rel}","templated":true}]}}