{"id":221,"date":"2020-11-09T17:06:26","date_gmt":"2020-11-09T17:06:26","guid":{"rendered":"https:\/\/www.alboret.com\/?post_type=product&#038;p=221"},"modified":"2025-10-17T08:03:20","modified_gmt":"2025-10-17T08:03:20","slug":"botella-05-litres","status":"publish","type":"product","link":"https:\/\/www.alboret.com\/index.php\/producte\/botella-05-litres\/","title":{"rendered":"[Pack] 3 Botelles 0,5 litres"},"content":{"rendered":"","protected":false},"excerpt":{"rendered":"<div class=\"woocommerce-product-details__short-description\">\n<h5><strong><em>Collita 2019<\/em><\/strong><\/h5>\n<h4><strong>Pack 3 Botelles 0,5 d\u2019oli.<\/strong><\/h4>\n<p><strong>ALBORET \u2013 ALFAFARENCA<\/strong>\u00a0<strong>| Oli d\u2019Oliva \u2013 Verge<\/strong><\/p>\n<p>Elaborat amb olives de la varietat \u201d Alfafarenca\u201d provinents d\u2019oliveres d\u2019Alfafara (Alacant) i Bocairent ( Val\u00e8ncia).<\/p>\n<p>Oli d\u2019oliva obtingut directament d\u2019olives i nom\u00e9s mitjan\u00e7ant procediments mec\u00e0nics.<\/p>\n<p><strong>ORIGEN:<\/strong>\u00a0ESPANYA<\/p>\n<p><strong>INFORMACI\u00d3 NUTRICIONAL<\/strong><\/p>\n<blockquote><p>Valors Mitjans per 100 g\u00a0 Valor energ\u00e8tic per 100ml: 3.634 KJ (88s Kcal)\u00a0<strong>Grasses 100g de les quals:<\/strong><\/p>\n<ul>\n<li>Saturades 18,5 g<\/li>\n<li>Monoinsaturades 68,7 g<\/li>\n<li>Poliinsaturades 12,8 g.<\/li>\n<\/ul>\n<p><strong>Hidrats de Carboni 0g dels quals:\u00a0<\/strong><\/p>\n<ul>\n<li>Sucres 0 g.<\/li>\n<\/ul>\n<p><strong>Prote\u00efnes 0 g.<\/strong>\u00a0<strong>Sal 0 g.<\/strong>\u00a0<strong>Vitamina E\u2026. 20,94 mg (250% VRN}<\/strong>*Valor de Refer\u00e8ncia de Nutrients<\/p>\n<p>Preservar de la calor i la llum per la seua correcta conservaci\u00f3<\/p><\/blockquote>\n<p><strong>Envasat per RGSEAA 1603431\/V per a 79150399Q | Carrer Moss\u00e9n Hilari, 34 \u2013 46880 Bocairent ( Val\u00e8ncia )<\/strong><\/p>\n<\/div>\n","protected":false},"featured_media":222,"comment_status":"open","ping_status":"closed","template":"","meta":[],"product_brand":[],"product_cat":[19],"product_tag":[27,21,30,26,22,28,29,20],"class_list":{"0":"post-221","1":"product","2":"type-product","3":"status-publish","4":"has-post-thumbnail","6":"product_cat-productes","7":"product_tag-0-5-litres","8":"product_tag-aceite","9":"product_tag-alfafarenca","10":"product_tag-botella","11":"product_tag-mariola","12":"product_tag-medio-litro","13":"product_tag-mig-litre","14":"product_tag-oli","16":"first","17":"outofstock","18":"shipping-taxable","19":"product-type-simple"},"jetpack_sharing_enabled":true,"_links":{"self":[{"href":"https:\/\/www.alboret.com\/index.php\/wp-json\/wp\/v2\/product\/221","targetHints":{"allow":["GET"]}}],"collection":[{"href":"https:\/\/www.alboret.com\/index.php\/wp-json\/wp\/v2\/product"}],"about":[{"href":"https:\/\/www.alboret.com\/index.php\/wp-json\/wp\/v2\/types\/product"}],"replies":[{"embeddable":true,"href":"https:\/\/www.alboret.com\/index.php\/wp-json\/wp\/v2\/comments?post=221"}],"wp:featuredmedia":[{"embeddable":true,"href":"https:\/\/www.alboret.com\/index.php\/wp-json\/wp\/v2\/media\/222"}],"wp:attachment":[{"href":"https:\/\/www.alboret.com\/index.php\/wp-json\/wp\/v2\/media?parent=221"}],"wp:term":[{"taxonomy":"product_brand","embeddable":true,"href":"https:\/\/www.alboret.com\/index.php\/wp-json\/wp\/v2\/product_brand?post=221"},{"taxonomy":"product_cat","embeddable":true,"href":"https:\/\/www.alboret.com\/index.php\/wp-json\/wp\/v2\/product_cat?post=221"},{"taxonomy":"product_tag","embeddable":true,"href":"https:\/\/www.alboret.com\/index.php\/wp-json\/wp\/v2\/product_tag?post=221"}],"curies":[{"name":"wp","href":"https:\/\/api.w.org\/{rel}","templated":true}]}}